{"id":1100,"date":"2024-03-05T08:01:13","date_gmt":"2024-03-05T11:01:13","guid":{"rendered":"https:\/\/supremaagrodf.com\/?page_id=1100"},"modified":"2024-03-15T18:17:10","modified_gmt":"2024-03-15T21:17:10","slug":"plataforma-articuladas","status":"publish","type":"page","link":"https:\/\/supremaagrodf.com\/?page_id=1100","title":{"rendered":"Plataforma Articuladas"},"content":{"rendered":"\t\t<div data-elementor-type=\"wp-page\" data-elementor-id=\"1100\" class=\"elementor elementor-1100\" data-elementor-post-type=\"page\">\n\t\t\t\t<div class=\"elementor-element elementor-element-105cec8 e-flex e-con-boxed e-con e-parent\" data-id=\"105cec8\" data-element_type=\"container\" data-e-type=\"container\">\n\t\t\t\t\t<div class=\"e-con-inner\">\n\t\t<div class=\"elementor-element elementor-element-2ef0672 e-flex e-con-boxed e-con e-child\" data-id=\"2ef0672\" data-element_type=\"container\" data-e-type=\"container\">\n\t\t\t\t\t<div class=\"e-con-inner\">\n\t\t\t\t<div class=\"elementor-element elementor-element-8bd9a16 elementor-widget__width-initial elementor-position-top elementor-widget elementor-widget-image-box\" data-id=\"8bd9a16\" data-element_type=\"widget\" data-e-type=\"widget\" data-widget_type=\"image-box.default\">\n\t\t\t\t<div class=\"elementor-widget-container\">\n\t\t\t\t\t<div class=\"elementor-image-box-wrapper\"><figure class=\"elementor-image-box-img\"><img fetchpriority=\"high\" decoding=\"async\" width=\"417\" height=\"208\" src=\"https:\/\/supremaagrodf.com\/wp-content\/uploads\/2024\/03\/articuladas_diesel.png\" class=\"elementor-animation-pulse-grow attachment-full size-full wp-image-1176\" alt=\"\" srcset=\"https:\/\/supremaagrodf.com\/wp-content\/uploads\/2024\/03\/articuladas_diesel.png 417w, https:\/\/supremaagrodf.com\/wp-content\/uploads\/2024\/03\/articuladas_diesel-300x150.png 300w\" sizes=\"(max-width: 417px) 100vw, 417px\" \/><\/figure><div class=\"elementor-image-box-content\"><h2 class=\"elementor-image-box-title\">Articuladas Diesel<\/h2><p class=\"elementor-image-box-description\">Consulte a ficha t\u00e9cnica das nossas op\u00e7\u00f5es disponiveis<\/p><\/div><\/div>\t\t\t\t<\/div>\n\t\t\t\t<\/div>\n\t\t\t\t<div class=\"elementor-element elementor-element-d3cd5c5 elementor-align-center elementor-widget elementor-widget-button\" data-id=\"d3cd5c5\" data-element_type=\"widget\" data-e-type=\"widget\" data-widget_type=\"button.default\">\n\t\t\t\t<div class=\"elementor-widget-container\">\n\t\t\t\t\t\t\t\t\t<div class=\"elementor-button-wrapper\">\n\t\t\t\t\t<a class=\"elementor-button elementor-button-link elementor-size-sm\" href=\"https:\/\/supremaagrodf.com\/wp-content\/uploads\/2024\/03\/Ficha-tecnica-hangcha_articuladas_eletricas-.pdf\" donwload=\"\">\n\t\t\t\t\t\t<span class=\"elementor-button-content-wrapper\">\n\t\t\t\t\t\t<span class=\"elementor-button-icon\">\n\t\t\t\t<svg aria-hidden=\"true\" class=\"e-font-icon-svg e-far-arrow-alt-circle-down\" viewBox=\"0 0 512 512\" xmlns=\"http:\/\/www.w3.org\/2000\/svg\"><path d=\"M256 8C119 8 8 119 8 256s111 248 248 248 248-111 248-248S393 8 256 8zm0 448c-110.5 0-200-89.5-200-200S145.5 56 256 56s200 89.5 200 200-89.5 200-200 200zm-32-316v116h-67c-10.7 0-16 12.9-8.5 20.5l99 99c4.7 4.7 12.3 4.7 17 0l99-99c7.6-7.6 2.2-20.5-8.5-20.5h-67V140c0-6.6-5.4-12-12-12h-40c-6.6 0-12 5.4-12 12z\"><\/path><\/svg>\t\t\t<\/span>\n\t\t\t\t\t\t\t\t\t<span class=\"elementor-button-text\">Ficha T\u00e9cnica Completa<\/span>\n\t\t\t\t\t<\/span>\n\t\t\t\t\t<\/a>\n\t\t\t\t<\/div>\n\t\t\t\t\t\t\t\t<\/div>\n\t\t\t\t<\/div>\n\t\t\t\t<div class=\"elementor-element elementor-element-5d906cd elementor-align-center elementor-widget elementor-widget-button\" data-id=\"5d906cd\" data-element_type=\"widget\" data-e-type=\"widget\" data-widget_type=\"button.default\">\n\t\t\t\t<div class=\"elementor-widget-container\">\n\t\t\t\t\t\t\t\t\t<div class=\"elementor-button-wrapper\">\n\t\t\t\t\t<a class=\"elementor-button elementor-button-link elementor-size-sm\" href=\"https:\/\/wa.me\/message\/HNLUIAVDHFE4K1\">\n\t\t\t\t\t\t<span class=\"elementor-button-content-wrapper\">\n\t\t\t\t\t\t\t\t\t<span class=\"elementor-button-text\">Fale Conosco<\/span>\n\t\t\t\t\t<\/span>\n\t\t\t\t\t<\/a>\n\t\t\t\t<\/div>\n\t\t\t\t\t\t\t\t<\/div>\n\t\t\t\t<\/div>\n\t\t\t\t\t<\/div>\n\t\t\t\t<\/div>\n\t\t<div class=\"elementor-element elementor-element-33cd004 e-flex e-con-boxed e-con e-child\" data-id=\"33cd004\" data-element_type=\"container\" data-e-type=\"container\">\n\t\t\t\t\t<div class=\"e-con-inner\">\n\t\t\t\t<div class=\"elementor-element elementor-element-8827284 elementor-widget__width-initial elementor-position-top elementor-widget elementor-widget-image-box\" data-id=\"8827284\" data-element_type=\"widget\" data-e-type=\"widget\" data-widget_type=\"image-box.default\">\n\t\t\t\t<div class=\"elementor-widget-container\">\n\t\t\t\t\t<div class=\"elementor-image-box-wrapper\"><figure class=\"elementor-image-box-img\"><img decoding=\"async\" width=\"371\" height=\"186\" src=\"https:\/\/supremaagrodf.com\/wp-content\/uploads\/2024\/03\/articuladas_eletricas.png\" class=\"elementor-animation-pulse-grow attachment-full size-full wp-image-1175\" alt=\"\" srcset=\"https:\/\/supremaagrodf.com\/wp-content\/uploads\/2024\/03\/articuladas_eletricas.png 371w, https:\/\/supremaagrodf.com\/wp-content\/uploads\/2024\/03\/articuladas_eletricas-300x150.png 300w\" sizes=\"(max-width: 371px) 100vw, 371px\" \/><\/figure><div class=\"elementor-image-box-content\"><h3 class=\"elementor-image-box-title\">Articuladas El\u00e9tricas<\/h3><p class=\"elementor-image-box-description\">Consulte a ficha t\u00e9cnica das nossas op\u00e7\u00f5es disponiveis<\/p><\/div><\/div>\t\t\t\t<\/div>\n\t\t\t\t<\/div>\n\t\t\t\t<div class=\"elementor-element elementor-element-4d64b1e elementor-align-center elementor-widget elementor-widget-button\" data-id=\"4d64b1e\" data-element_type=\"widget\" data-e-type=\"widget\" data-widget_type=\"button.default\">\n\t\t\t\t<div class=\"elementor-widget-container\">\n\t\t\t\t\t\t\t\t\t<div class=\"elementor-button-wrapper\">\n\t\t\t\t\t<a class=\"elementor-button elementor-button-link elementor-size-sm\" href=\"https:\/\/supremaagrodf.com\/wp-content\/uploads\/2024\/03\/Ficha-tecnica-hangcha_articuladas_eletricas-.pdf\" downloads=\"\">\n\t\t\t\t\t\t<span class=\"elementor-button-content-wrapper\">\n\t\t\t\t\t\t<span class=\"elementor-button-icon\">\n\t\t\t\t<svg aria-hidden=\"true\" class=\"e-font-icon-svg e-far-arrow-alt-circle-down\" viewBox=\"0 0 512 512\" xmlns=\"http:\/\/www.w3.org\/2000\/svg\"><path d=\"M256 8C119 8 8 119 8 256s111 248 248 248 248-111 248-248S393 8 256 8zm0 448c-110.5 0-200-89.5-200-200S145.5 56 256 56s200 89.5 200 200-89.5 200-200 200zm-32-316v116h-67c-10.7 0-16 12.9-8.5 20.5l99 99c4.7 4.7 12.3 4.7 17 0l99-99c7.6-7.6 2.2-20.5-8.5-20.5h-67V140c0-6.6-5.4-12-12-12h-40c-6.6 0-12 5.4-12 12z\"><\/path><\/svg>\t\t\t<\/span>\n\t\t\t\t\t\t\t\t\t<span class=\"elementor-button-text\">Ficha T\u00e9cnica Completa<\/span>\n\t\t\t\t\t<\/span>\n\t\t\t\t\t<\/a>\n\t\t\t\t<\/div>\n\t\t\t\t\t\t\t\t<\/div>\n\t\t\t\t<\/div>\n\t\t\t\t<div class=\"elementor-element elementor-element-8ea9c56 elementor-align-center elementor-widget elementor-widget-button\" data-id=\"8ea9c56\" data-element_type=\"widget\" data-e-type=\"widget\" data-widget_type=\"button.default\">\n\t\t\t\t<div class=\"elementor-widget-container\">\n\t\t\t\t\t\t\t\t\t<div class=\"elementor-button-wrapper\">\n\t\t\t\t\t<a class=\"elementor-button elementor-button-link elementor-size-sm\" href=\"https:\/\/wa.me\/message\/HNLUIAVDHFE4K1\">\n\t\t\t\t\t\t<span class=\"elementor-button-content-wrapper\">\n\t\t\t\t\t\t\t\t\t<span class=\"elementor-button-text\">Fale Conosco<\/span>\n\t\t\t\t\t<\/span>\n\t\t\t\t\t<\/a>\n\t\t\t\t<\/div>\n\t\t\t\t\t\t\t\t<\/div>\n\t\t\t\t<\/div>\n\t\t\t\t\t<\/div>\n\t\t\t\t<\/div>\n\t\t<div class=\"elementor-element elementor-element-fd14478 e-flex e-con-boxed e-con e-child\" data-id=\"fd14478\" data-element_type=\"container\" data-e-type=\"container\">\n\t\t\t\t\t<div class=\"e-con-inner\">\n\t\t\t\t<div class=\"elementor-element elementor-element-84641fe elementor-widget__width-initial elementor-position-top elementor-widget elementor-widget-image-box\" data-id=\"84641fe\" data-element_type=\"widget\" data-e-type=\"widget\" data-widget_type=\"image-box.default\">\n\t\t\t\t<div class=\"elementor-widget-container\">\n\t\t\t\t\t<div class=\"elementor-image-box-wrapper\"><figure class=\"elementor-image-box-img\"><img decoding=\"async\" width=\"8666\" height=\"6957\" src=\"https:\/\/supremaagrodf.com\/wp-content\/uploads\/2024\/03\/Maquina-.png\" class=\"elementor-animation-pulse-grow attachment-full size-full wp-image-1165\" alt=\"\" srcset=\"https:\/\/supremaagrodf.com\/wp-content\/uploads\/2024\/03\/Maquina-.png 8666w, https:\/\/supremaagrodf.com\/wp-content\/uploads\/2024\/03\/Maquina--300x241.png 300w, https:\/\/supremaagrodf.com\/wp-content\/uploads\/2024\/03\/Maquina--1024x822.png 1024w, https:\/\/supremaagrodf.com\/wp-content\/uploads\/2024\/03\/Maquina--768x617.png 768w, https:\/\/supremaagrodf.com\/wp-content\/uploads\/2024\/03\/Maquina--1536x1233.png 1536w, https:\/\/supremaagrodf.com\/wp-content\/uploads\/2024\/03\/Maquina--2048x1644.png 2048w\" sizes=\"(max-width: 8666px) 100vw, 8666px\" \/><\/figure><div class=\"elementor-image-box-content\"><h4 class=\"elementor-image-box-title\">Pantogr\u00e1fica Tesouras El\u00e9tricas<\/h4><p class=\"elementor-image-box-description\">Consulte a ficha t\u00e9cnica das nossas op\u00e7\u00f5es dispon\u00edveis.<\/p><\/div><\/div>\t\t\t\t<\/div>\n\t\t\t\t<\/div>\n\t\t\t\t<div class=\"elementor-element elementor-element-ec821ed elementor-align-center elementor-widget elementor-widget-button\" data-id=\"ec821ed\" data-element_type=\"widget\" data-e-type=\"widget\" data-widget_type=\"button.default\">\n\t\t\t\t<div class=\"elementor-widget-container\">\n\t\t\t\t\t\t\t\t\t<div class=\"elementor-button-wrapper\">\n\t\t\t\t\t<a class=\"elementor-button elementor-button-link elementor-size-sm\" href=\"https:\/\/supremaagrodf.com\/wp-content\/uploads\/2024\/03\/Ficha-tecnica-hangcha_pantograficas_eletricas.pdf\" download=\"\">\n\t\t\t\t\t\t<span class=\"elementor-button-content-wrapper\">\n\t\t\t\t\t\t<span class=\"elementor-button-icon\">\n\t\t\t\t<svg aria-hidden=\"true\" class=\"e-font-icon-svg e-far-arrow-alt-circle-down\" viewBox=\"0 0 512 512\" xmlns=\"http:\/\/www.w3.org\/2000\/svg\"><path d=\"M256 8C119 8 8 119 8 256s111 248 248 248 248-111 248-248S393 8 256 8zm0 448c-110.5 0-200-89.5-200-200S145.5 56 256 56s200 89.5 200 200-89.5 200-200 200zm-32-316v116h-67c-10.7 0-16 12.9-8.5 20.5l99 99c4.7 4.7 12.3 4.7 17 0l99-99c7.6-7.6 2.2-20.5-8.5-20.5h-67V140c0-6.6-5.4-12-12-12h-40c-6.6 0-12 5.4-12 12z\"><\/path><\/svg>\t\t\t<\/span>\n\t\t\t\t\t\t\t\t\t<span class=\"elementor-button-text\">Ficha T\u00e9cnica Completa<\/span>\n\t\t\t\t\t<\/span>\n\t\t\t\t\t<\/a>\n\t\t\t\t<\/div>\n\t\t\t\t\t\t\t\t<\/div>\n\t\t\t\t<\/div>\n\t\t\t\t<div class=\"elementor-element elementor-element-e3dc7f2 elementor-align-center elementor-widget elementor-widget-button\" data-id=\"e3dc7f2\" data-element_type=\"widget\" data-e-type=\"widget\" data-widget_type=\"button.default\">\n\t\t\t\t<div class=\"elementor-widget-container\">\n\t\t\t\t\t\t\t\t\t<div class=\"elementor-button-wrapper\">\n\t\t\t\t\t<a class=\"elementor-button elementor-button-link elementor-size-sm\" href=\"https:\/\/wa.me\/message\/HNLUIAVDHFE4K1\">\n\t\t\t\t\t\t<span class=\"elementor-button-content-wrapper\">\n\t\t\t\t\t\t\t\t\t<span class=\"elementor-button-text\">Fale Conosco<\/span>\n\t\t\t\t\t<\/span>\n\t\t\t\t\t<\/a>\n\t\t\t\t<\/div>\n\t\t\t\t\t\t\t\t<\/div>\n\t\t\t\t<\/div>\n\t\t\t\t\t<\/div>\n\t\t\t\t<\/div>\n\t\t\t\t\t<\/div>\n\t\t\t\t<\/div>\n\t\t\t\t<\/div>\n\t\t","protected":false},"excerpt":{"rendered":"<p>Articuladas Diesel Consulte a ficha t\u00e9cnica das nossas op\u00e7\u00f5es disponiveis Ficha T\u00e9cnica Completa Fale Conosco Articuladas El\u00e9tricas Consulte a ficha t\u00e9cnica das nossas op\u00e7\u00f5es disponiveis Ficha T\u00e9cnica Completa Fale Conosco Pantogr\u00e1fica Tesouras El\u00e9tricas Consulte a ficha t\u00e9cnica das nossas op\u00e7\u00f5es dispon\u00edveis. Ficha T\u00e9cnica Completa Fale Conosco<\/p>\n","protected":false},"author":2,"featured_media":0,"parent":0,"menu_order":0,"comment_status":"closed","ping_status":"closed","template":"elementor_header_footer","meta":{"_joinchat":[],"footnotes":""},"class_list":["post-1100","page","type-page","status-publish","hentry"],"_links":{"self":[{"href":"https:\/\/supremaagrodf.com\/index.php?rest_route=\/wp\/v2\/pages\/1100"}],"collection":[{"href":"https:\/\/supremaagrodf.com\/index.php?rest_route=\/wp\/v2\/pages"}],"about":[{"href":"https:\/\/supremaagrodf.com\/index.php?rest_route=\/wp\/v2\/types\/page"}],"author":[{"embeddable":true,"href":"https:\/\/supremaagrodf.com\/index.php?rest_route=\/wp\/v2\/users\/2"}],"replies":[{"embeddable":true,"href":"https:\/\/supremaagrodf.com\/index.php?rest_route=%2Fwp%2Fv2%2Fcomments&post=1100"}],"version-history":[{"count":25,"href":"https:\/\/supremaagrodf.com\/index.php?rest_route=\/wp\/v2\/pages\/1100\/revisions"}],"predecessor-version":[{"id":1183,"href":"https:\/\/supremaagrodf.com\/index.php?rest_route=\/wp\/v2\/pages\/1100\/revisions\/1183"}],"wp:attachment":[{"href":"https:\/\/supremaagrodf.com\/index.php?rest_route=%2Fwp%2Fv2%2Fmedia&parent=1100"}],"curies":[{"name":"wp","href":"https:\/\/api.w.org\/{rel}","templated":true}]}}