{"id":460,"date":"2024-01-25T07:40:48","date_gmt":"2024-01-25T10:40:48","guid":{"rendered":"https:\/\/supremaagrodf.com\/?page_id=460"},"modified":"2024-01-26T08:10:41","modified_gmt":"2024-01-26T11:10:41","slug":"sobre-nos","status":"publish","type":"page","link":"https:\/\/supremaagrodf.com\/?page_id=460","title":{"rendered":"Sobre N\u00f3s"},"content":{"rendered":"\t\t<div data-elementor-type=\"wp-page\" data-elementor-id=\"460\" class=\"elementor elementor-460\" data-elementor-post-type=\"page\">\n\t\t\t\t<div class=\"elementor-element elementor-element-3ad241b e-flex e-con-boxed e-con e-parent\" data-id=\"3ad241b\" data-element_type=\"container\">\n\t\t\t\t\t<div class=\"e-con-inner\">\n\t\t\t\t<div class=\"elementor-element elementor-element-1890201 elementor-widget elementor-widget-heading\" data-id=\"1890201\" data-element_type=\"widget\" data-widget_type=\"heading.default\">\n\t\t\t\t<div class=\"elementor-widget-container\">\n\t\t\t\t\t<h2 class=\"elementor-heading-title elementor-size-default\">Sobre N\u00f3s<\/h2>\t\t\t\t<\/div>\n\t\t\t\t<\/div>\n\t\t\t\t<div class=\"elementor-element elementor-element-d85074e elementor-widget elementor-widget-text-editor\" data-id=\"d85074e\" data-element_type=\"widget\" data-widget_type=\"text-editor.default\">\n\t\t\t\t<div class=\"elementor-widget-container\">\n\t\t\t\t\t\t\t\t\t<p>H\u00e1 29 anos, a Suprema Ve\u00edculos tem sido l\u00edder no mercado de ag\u00eancia de ve\u00edculos seminovos em Bras\u00edlia, com uma vasta base de mais de 30 mil clientes satisfeitos. Nossa excel\u00eancia no atendimento e qualidade dos ve\u00edculos s\u00e3o pilares fundamentais. Com uma equipe dedicada e especializada, oferecemos a melhor experi\u00eancia de compra aos nossos clientes.<\/p><p>Tudo come\u00e7ou em agosto de 1994, a Suprema Ve\u00edculos foi registrada oficialmente e a loja de Taguatinga foi a primeira do grupo. Em novembro de 2001, a Suprema Ve\u00edculos foi pioneira e inaugurou uma filial na Cidade do Autom\u00f3vel. J\u00e1 em 2007, consolidou sua posi\u00e7\u00e3o com mais duas lojas no local, atendendo Bras\u00edlia e regi\u00e3o, com clientes espalhados em v\u00e1rios estados do Brasil.<\/p><p>Desde o ano de 1994 a empresa faz jus aos fundadores que est\u00e3o presentes e atuantes at\u00e9 os dias de hoje. O Grupo \u00e9 composto por quatro bra\u00e7os diferentes que se completam dentro de um ecossistema e buscam continuamente inova\u00e7\u00e3o e qualidade no mercado:<\/p><p>Suprema Agro &#8211; Venda e loca\u00e7\u00e3o de equipamentos no setor de agricultura, constru\u00e7\u00e3o civil e minera\u00e7\u00e3o<br \/>Suprema Ve\u00edculos &#8211; Compra e venda de autom\u00f3veis: <a href=\"https:\/\/supremaveiculos.com\">https:\/\/supremaveiculos.com<\/a><br \/>Suprema Mobilidade &#8211; Loca\u00e7\u00e3o de m\u00e1quinas e ve\u00edculos : <a href=\"http:\/\/supremamobilidade.com\">http:\/\/supremamobilidade.com<\/a><br \/>Suprema Energy &#8211; Sistema de energia solar : <a href=\"https:\/\/instagram.com\/supremaenergy\">https:\/\/instagram.com\/supremaenergy<\/a><\/p><p>Estamos comprometidos em oferecer servi\u00e7os da mais alta qualidade em todas as \u00e1reas e antecipar suas necessidades.<\/p><p>Desde o momento do atendimento at\u00e9 o p\u00f3s-venda, contamos com uma equipe de vendas treinada e apaixonada pelo que faz.<\/p><p>Aguardamos ansiosamente sua visita, onde teremos a oportunidade de mostrar pessoalmente o que torna o Grupo Suprema t\u00e3o especial.<\/p>\t\t\t\t\t\t\t\t<\/div>\n\t\t\t\t<\/div>\n\t\t\t\t\t<\/div>\n\t\t\t\t<\/div>\n\t\t\t\t<\/div>\n\t\t","protected":false},"excerpt":{"rendered":"<p>Sobre N\u00f3s H\u00e1 29 anos, a Suprema Ve\u00edculos tem sido l\u00edder no mercado de ag\u00eancia de ve\u00edculos seminovos em Bras\u00edlia, com uma vasta base de mais de 30 mil clientes satisfeitos. Nossa excel\u00eancia no atendimento e qualidade dos ve\u00edculos s\u00e3o pilares fundamentais. Com uma equipe dedicada e especializada, oferecemos a melhor experi\u00eancia de compra aos [&hellip;]<\/p>\n","protected":false},"author":2,"featured_media":0,"parent":0,"menu_order":0,"comment_status":"closed","ping_status":"closed","template":"elementor_header_footer","meta":{"_joinchat":[],"footnotes":""},"class_list":["post-460","page","type-page","status-publish","hentry"],"_links":{"self":[{"href":"https:\/\/supremaagrodf.com\/index.php?rest_route=\/wp\/v2\/pages\/460"}],"collection":[{"href":"https:\/\/supremaagrodf.com\/index.php?rest_route=\/wp\/v2\/pages"}],"about":[{"href":"https:\/\/supremaagrodf.com\/index.php?rest_route=\/wp\/v2\/types\/page"}],"author":[{"embeddable":true,"href":"https:\/\/supremaagrodf.com\/index.php?rest_route=\/wp\/v2\/users\/2"}],"replies":[{"embeddable":true,"href":"https:\/\/supremaagrodf.com\/index.php?rest_route=%2Fwp%2Fv2%2Fcomments&post=460"}],"version-history":[{"count":10,"href":"https:\/\/supremaagrodf.com\/index.php?rest_route=\/wp\/v2\/pages\/460\/revisions"}],"predecessor-version":[{"id":828,"href":"https:\/\/supremaagrodf.com\/index.php?rest_route=\/wp\/v2\/pages\/460\/revisions\/828"}],"wp:attachment":[{"href":"https:\/\/supremaagrodf.com\/index.php?rest_route=%2Fwp%2Fv2%2Fmedia&parent=460"}],"curies":[{"name":"wp","href":"https:\/\/api.w.org\/{rel}","templated":true}]}}